{"id":2455,"date":"2024-11-28T18:46:36","date_gmt":"2024-11-28T16:46:36","guid":{"rendered":"https:\/\/www.niwm.org\/donatorii-institutului\/"},"modified":"2024-12-16T11:04:37","modified_gmt":"2024-12-16T09:04:37","slug":"donori-instituta","status":"publish","type":"page","link":"https:\/\/www.niwm.org\/ru\/donori-instituta\/","title":{"rendered":"\u0414\u043e\u043d\u043e\u0440\u044b \u0418\u043d\u0441\u0442\u0438\u0442\u0443\u0442\u0430"},"content":{"rendered":"\t\t<div data-elementor-type=\"wp-page\" data-elementor-id=\"2455\" class=\"elementor elementor-2455 elementor-248\" data-elementor-post-type=\"page\">\n\t\t\t\t<div class=\"elementor-element elementor-element-287b015 e-flex e-con-boxed e-con e-parent\" data-id=\"287b015\" data-element_type=\"container\">\n\t\t\t\t\t<div class=\"e-con-inner\">\n\t\t\t\t<div class=\"elementor-element elementor-element-6c7c2fa elementor-widget elementor-widget-heading\" data-id=\"6c7c2fa\" data-element_type=\"widget\" data-widget_type=\"heading.default\">\n\t\t\t\t<div class=\"elementor-widget-container\">\n\t\t\t\t\t<h1 class=\"elementor-heading-title elementor-size-default\">\u0414\u043e\u043d\u043e\u0440\u044b \u0418\u043d\u0441\u0442\u0438\u0442\u0443\u0442\u0430<\/h1>\t\t\t\t<\/div>\n\t\t\t\t<\/div>\n\t\t\t\t\t<\/div>\n\t\t\t\t<\/div>\n\t\t<div class=\"elementor-element elementor-element-6c8f9c8 e-flex e-con-boxed e-con e-parent\" data-id=\"6c8f9c8\" data-element_type=\"container\" data-settings=\"{&quot;background_background&quot;:&quot;classic&quot;}\">\n\t\t\t\t\t<div class=\"e-con-inner\">\n\t\t\t\t<div class=\"elementor-element elementor-element-19aba1e elementor-widget elementor-widget-text-editor\" data-id=\"19aba1e\" data-element_type=\"widget\" data-widget_type=\"text-editor.default\">\n\t\t\t\t<div class=\"elementor-widget-container\">\n\t\t\t\t\t\t\t\t\t<p><strong>UN Women Moldova, Uniunea European\u0103, Ambasada Finlandei, Institutul pentru Raportare despre R\u0103zboi \u0219i Pace (IWPR), Consiliul Europei prin intermediul Funda\u0163iei Europene pentru Tineret (EYF), Programul Na\u0163iunilor Unite pentru Dezvoltare (PNUD), Ambasada Olandei, Fondul Na\u0163ional pentru Sus\u0163inerea Democra\u0163iei (SUA), Fondul German Marshall al Statelor Unite prin intermediul Trustului M\u0103rii Negre pentru Cooperare Regional\u0103, Filia.die frauenstiftung din Germania, Fondul German Marshall al Statelor Unite prin intermediul Trustului Balcanic pentru Democra\u0163ie, Fondul Umanitar Evreiesc din Olanda, Fondul Ucrainean pentru Femei, Organizarea Interna\u021bional\u0103 &#171;Grupul pentru Drepturile Minorit\u0103\u021bilor&#187;, Fondul de Parteneriat pentru Transparen\u0163\u0103 din SUA, etc.<\/strong><\/p>\t\t\t\t\t\t\t\t<\/div>\n\t\t\t\t<\/div>\n\t\t\t\t\t<\/div>\n\t\t\t\t<\/div>\n\t\t<div class=\"elementor-element elementor-element-82d5bac e-flex e-con-boxed e-con e-parent\" data-id=\"82d5bac\" data-element_type=\"container\">\n\t\t\t\t\t<div class=\"e-con-inner\">\n\t\t\t\t<div class=\"elementor-element elementor-element-b680ba9 gallery-spacing-custom elementor-widget elementor-widget-image-gallery\" data-id=\"b680ba9\" data-element_type=\"widget\" data-widget_type=\"image-gallery.default\">\n\t\t\t\t<div class=\"elementor-widget-container\">\n\t\t\t\t\t\t\t<div class=\"elementor-image-gallery\">\n\t\t\t<div id='gallery-1' class='gallery galleryid-2455 gallery-columns-1 gallery-size-medium'><figure class='gallery-item'>\n\t\t\t<div class='gallery-icon landscape'>\n\t\t\t\t<img fetchpriority=\"high\" width=\"300\" height=\"200\" src=\"https:\/\/www.niwm.org\/wp-content\/uploads\/2024\/11\/ue-1-300x200.png\" class=\"attachment-medium size-medium\" alt=\"\" decoding=\"async\" srcset=\"https:\/\/www.niwm.org\/wp-content\/uploads\/2024\/11\/ue-1-300x200.png 300w, https:\/\/www.niwm.org\/wp-content\/uploads\/2024\/11\/ue-1.png 397w\" sizes=\"(max-width: 300px) 100vw, 300px\" \/>\n\t\t\t<\/div><\/figure><figure class='gallery-item'>\n\t\t\t<div class='gallery-icon landscape'>\n\t\t\t\t<img width=\"300\" height=\"220\" src=\"https:\/\/www.niwm.org\/wp-content\/uploads\/2024\/12\/image-13-300x220.png\" class=\"attachment-medium size-medium\" alt=\"\" decoding=\"async\" srcset=\"https:\/\/www.niwm.org\/wp-content\/uploads\/2024\/12\/image-13-300x220.png 300w, https:\/\/www.niwm.org\/wp-content\/uploads\/2024\/12\/image-13.png 463w\" sizes=\"(max-width: 300px) 100vw, 300px\" \/>\n\t\t\t<\/div><\/figure><figure class='gallery-item'>\n\t\t\t<div class='gallery-icon portrait'>\n\t\t\t\t<img width=\"150\" height=\"300\" src=\"https:\/\/www.niwm.org\/wp-content\/uploads\/2024\/12\/image-12-150x300.png\" class=\"attachment-medium size-medium\" alt=\"\" decoding=\"async\" srcset=\"https:\/\/www.niwm.org\/wp-content\/uploads\/2024\/12\/image-12-150x300.png 150w, https:\/\/www.niwm.org\/wp-content\/uploads\/2024\/12\/image-12.png 226w\" sizes=\"(max-width: 150px) 100vw, 150px\" \/>\n\t\t\t<\/div><\/figure><figure class='gallery-item'>\n\t\t\t<div class='gallery-icon landscape'>\n\t\t\t\t<img loading=\"lazy\" width=\"300\" height=\"89\" src=\"https:\/\/www.niwm.org\/wp-content\/uploads\/2024\/11\/un-women-1-300x89.png\" class=\"attachment-medium size-medium\" alt=\"\" decoding=\"async\" srcset=\"https:\/\/www.niwm.org\/wp-content\/uploads\/2024\/11\/un-women-1-300x89.png 300w, https:\/\/www.niwm.org\/wp-content\/uploads\/2024\/11\/un-women-1.png 424w\" sizes=\"(max-width: 300px) 100vw, 300px\" \/>\n\t\t\t<\/div><\/figure><figure class='gallery-item'>\n\t\t\t<div class='gallery-icon landscape'>\n\t\t\t\t<img loading=\"lazy\" width=\"300\" height=\"114\" src=\"https:\/\/www.niwm.org\/wp-content\/uploads\/2024\/12\/image-9-300x114.png\" class=\"attachment-medium size-medium\" alt=\"\" decoding=\"async\" srcset=\"https:\/\/www.niwm.org\/wp-content\/uploads\/2024\/12\/image-9-300x114.png 300w, https:\/\/www.niwm.org\/wp-content\/uploads\/2024\/12\/image-9.png 661w\" sizes=\"(max-width: 300px) 100vw, 300px\" \/>\n\t\t\t<\/div><\/figure><figure class='gallery-item'>\n\t\t\t<div class='gallery-icon landscape'>\n\t\t\t\t<img loading=\"lazy\" width=\"300\" height=\"130\" src=\"https:\/\/www.niwm.org\/wp-content\/uploads\/2024\/12\/image-17-300x130.png\" class=\"attachment-medium size-medium\" alt=\"\" decoding=\"async\" srcset=\"https:\/\/www.niwm.org\/wp-content\/uploads\/2024\/12\/image-17-300x130.png 300w, https:\/\/www.niwm.org\/wp-content\/uploads\/2024\/12\/image-17.png 561w\" sizes=\"(max-width: 300px) 100vw, 300px\" \/>\n\t\t\t<\/div><\/figure><figure class='gallery-item'>\n\t\t\t<div class='gallery-icon landscape'>\n\t\t\t\t<img loading=\"lazy\" width=\"300\" height=\"37\" src=\"https:\/\/www.niwm.org\/wp-content\/uploads\/2024\/12\/image-11-300x37.png\" class=\"attachment-medium size-medium\" alt=\"\" decoding=\"async\" srcset=\"https:\/\/www.niwm.org\/wp-content\/uploads\/2024\/12\/image-11-300x37.png 300w, https:\/\/www.niwm.org\/wp-content\/uploads\/2024\/12\/image-11.png 703w\" sizes=\"(max-width: 300px) 100vw, 300px\" \/>\n\t\t\t<\/div><\/figure><figure class='gallery-item'>\n\t\t\t<div class='gallery-icon landscape'>\n\t\t\t\t<img loading=\"lazy\" width=\"267\" height=\"267\" src=\"https:\/\/www.niwm.org\/wp-content\/uploads\/2024\/12\/image-23.png\" class=\"attachment-medium size-medium\" alt=\"\" decoding=\"async\" srcset=\"https:\/\/www.niwm.org\/wp-content\/uploads\/2024\/12\/image-23.png 267w, https:\/\/www.niwm.org\/wp-content\/uploads\/2024\/12\/image-23-150x150.png 150w\" sizes=\"(max-width: 267px) 100vw, 267px\" \/>\n\t\t\t<\/div><\/figure><figure class='gallery-item'>\n\t\t\t<div class='gallery-icon landscape'>\n\t\t\t\t<img loading=\"lazy\" width=\"300\" height=\"293\" src=\"https:\/\/www.niwm.org\/wp-content\/uploads\/2024\/12\/image-22-300x293.png\" class=\"attachment-medium size-medium\" alt=\"\" decoding=\"async\" srcset=\"https:\/\/www.niwm.org\/wp-content\/uploads\/2024\/12\/image-22-300x293.png 300w, https:\/\/www.niwm.org\/wp-content\/uploads\/2024\/12\/image-22.png 355w\" sizes=\"(max-width: 300px) 100vw, 300px\" \/>\n\t\t\t<\/div><\/figure><figure class='gallery-item'>\n\t\t\t<div class='gallery-icon landscape'>\n\t\t\t\t<img loading=\"lazy\" width=\"300\" height=\"61\" src=\"https:\/\/www.niwm.org\/wp-content\/uploads\/2024\/12\/image-21-300x61.png\" class=\"attachment-medium size-medium\" alt=\"\" decoding=\"async\" srcset=\"https:\/\/www.niwm.org\/wp-content\/uploads\/2024\/12\/image-21-300x61.png 300w, https:\/\/www.niwm.org\/wp-content\/uploads\/2024\/12\/image-21.png 748w\" sizes=\"(max-width: 300px) 100vw, 300px\" \/>\n\t\t\t<\/div><\/figure><figure class='gallery-item'>\n\t\t\t<div class='gallery-icon landscape'>\n\t\t\t\t<img loading=\"lazy\" width=\"300\" height=\"260\" src=\"https:\/\/www.niwm.org\/wp-content\/uploads\/2024\/12\/image-20-300x260.png\" class=\"attachment-medium size-medium\" alt=\"\" decoding=\"async\" srcset=\"https:\/\/www.niwm.org\/wp-content\/uploads\/2024\/12\/image-20-300x260.png 300w, https:\/\/www.niwm.org\/wp-content\/uploads\/2024\/12\/image-20.png 324w\" sizes=\"(max-width: 300px) 100vw, 300px\" \/>\n\t\t\t<\/div><\/figure><figure class='gallery-item'>\n\t\t\t<div class='gallery-icon landscape'>\n\t\t\t\t<img loading=\"lazy\" width=\"300\" height=\"138\" src=\"https:\/\/www.niwm.org\/wp-content\/uploads\/2024\/12\/image-19-300x138.png\" class=\"attachment-medium size-medium\" alt=\"\" decoding=\"async\" srcset=\"https:\/\/www.niwm.org\/wp-content\/uploads\/2024\/12\/image-19-300x138.png 300w, https:\/\/www.niwm.org\/wp-content\/uploads\/2024\/12\/image-19.png 623w\" sizes=\"(max-width: 300px) 100vw, 300px\" \/>\n\t\t\t<\/div><\/figure><figure class='gallery-item'>\n\t\t\t<div class='gallery-icon landscape'>\n\t\t\t\t<img loading=\"lazy\" width=\"300\" height=\"261\" src=\"https:\/\/www.niwm.org\/wp-content\/uploads\/2024\/12\/image-18-300x261.png\" class=\"attachment-medium size-medium\" alt=\"\" decoding=\"async\" srcset=\"https:\/\/www.niwm.org\/wp-content\/uploads\/2024\/12\/image-18-300x261.png 300w, https:\/\/www.niwm.org\/wp-content\/uploads\/2024\/12\/image-18.png 347w\" sizes=\"(max-width: 300px) 100vw, 300px\" \/>\n\t\t\t<\/div><\/figure><figure class='gallery-item'>\n\t\t\t<div class='gallery-icon landscape'>\n\t\t\t\t<img loading=\"lazy\" width=\"300\" height=\"40\" src=\"https:\/\/www.niwm.org\/wp-content\/uploads\/2024\/12\/image-16-300x40.png\" class=\"attachment-medium size-medium\" alt=\"\" decoding=\"async\" srcset=\"https:\/\/www.niwm.org\/wp-content\/uploads\/2024\/12\/image-16-300x40.png 300w, https:\/\/www.niwm.org\/wp-content\/uploads\/2024\/12\/image-16-768x102.png 768w, https:\/\/www.niwm.org\/wp-content\/uploads\/2024\/12\/image-16.png 771w\" sizes=\"(max-width: 300px) 100vw, 300px\" \/>\n\t\t\t<\/div><\/figure><figure class='gallery-item'>\n\t\t\t<div class='gallery-icon portrait'>\n\t\t\t\t<img loading=\"lazy\" width=\"283\" height=\"300\" src=\"https:\/\/www.niwm.org\/wp-content\/uploads\/2024\/12\/image-15-283x300.png\" class=\"attachment-medium size-medium\" alt=\"\" decoding=\"async\" srcset=\"https:\/\/www.niwm.org\/wp-content\/uploads\/2024\/12\/image-15-283x300.png 283w, https:\/\/www.niwm.org\/wp-content\/uploads\/2024\/12\/image-15.png 327w\" sizes=\"(max-width: 283px) 100vw, 283px\" \/>\n\t\t\t<\/div><\/figure><figure class='gallery-item'>\n\t\t\t<div class='gallery-icon landscape'>\n\t\t\t\t<img loading=\"lazy\" width=\"300\" height=\"73\" src=\"https:\/\/www.niwm.org\/wp-content\/uploads\/2024\/12\/image-14-300x73.png\" class=\"attachment-medium size-medium\" alt=\"\" decoding=\"async\" srcset=\"https:\/\/www.niwm.org\/wp-content\/uploads\/2024\/12\/image-14-300x73.png 300w, https:\/\/www.niwm.org\/wp-content\/uploads\/2024\/12\/image-14.png 758w\" sizes=\"(max-width: 300px) 100vw, 300px\" \/>\n\t\t\t<\/div><\/figure><figure class='gallery-item'>\n\t\t\t<div class='gallery-icon landscape'>\n\t\t\t\t<img loading=\"lazy\" width=\"300\" height=\"133\" src=\"https:\/\/www.niwm.org\/wp-content\/uploads\/2024\/12\/image-10-300x133.png\" class=\"attachment-medium size-medium\" alt=\"\" decoding=\"async\" srcset=\"https:\/\/www.niwm.org\/wp-content\/uploads\/2024\/12\/image-10-300x133.png 300w, https:\/\/www.niwm.org\/wp-content\/uploads\/2024\/12\/image-10.png 647w\" sizes=\"(max-width: 300px) 100vw, 300px\" \/>\n\t\t\t<\/div><\/figure>\n\t\t<\/div>\n\t\t<\/div>\n\t\t\t\t\t\t<\/div>\n\t\t\t\t<\/div>\n\t\t\t\t\t<\/div>\n\t\t\t\t<\/div>\n\t\t\t\t<\/div>\n\t\t","protected":false},"excerpt":{"rendered":"<p>UN Women Moldova, Uniunea European\u0103, Ambasada Finlandei, Institutul pentru Raportare despre R\u0103zboi \u0219i Pace (IWPR), Consiliul Europei prin intermediul Funda\u0163iei Europene pentru Tineret (EYF), Programul Na\u0163iunilor Unite pentru Dezvoltare (PNUD), Ambasada Olandei, Fondul Na\u0163ional pentru Sus\u0163inerea Democra\u0163iei (SUA), Fondul German Marshall al Statelor Unite prin intermediul Trustului M\u0103rii Negre pentru Cooperare Regional\u0103, Filia.die frauenstiftung din [&hellip;]<\/p>\n","protected":false},"author":1,"featured_media":0,"parent":0,"menu_order":0,"comment_status":"closed","ping_status":"closed","template":"","meta":{"ngg_post_thumbnail":0,"footnotes":""},"class_list":["post-2455","page","type-page","status-publish","hentry"],"yoast_head":"<!-- This site is optimized with the Yoast SEO plugin v25.3.1 - https:\/\/yoast.com\/wordpress\/plugins\/seo\/ -->\n<title>\u0414\u043e\u043d\u043e\u0440\u044b \u0418\u043d\u0441\u0442\u0438\u0442\u0443\u0442\u0430 - INSTITUTUL NA\u0162IONAL AL FEMEILOR DIN MOLDOVA &quot;EGALITATE&quot;<\/title>\n<meta name=\"robots\" content=\"index, follow, max-snippet:-1, max-image-preview:large, max-video-preview:-1\" \/>\n<link rel=\"canonical\" href=\"https:\/\/www.niwm.org\/ru\/donori-instituta\/\" \/>\n<meta property=\"og:locale\" content=\"ru_RU\" \/>\n<meta property=\"og:type\" content=\"article\" \/>\n<meta property=\"og:title\" content=\"\u0414\u043e\u043d\u043e\u0440\u044b \u0418\u043d\u0441\u0442\u0438\u0442\u0443\u0442\u0430 - INSTITUTUL NA\u0162IONAL AL FEMEILOR DIN MOLDOVA &quot;EGALITATE&quot;\" \/>\n<meta property=\"og:description\" content=\"UN Women Moldova, Uniunea European\u0103, Ambasada Finlandei, Institutul pentru Raportare despre R\u0103zboi \u0219i Pace (IWPR), Consiliul Europei prin intermediul Funda\u0163iei Europene pentru Tineret (EYF), Programul Na\u0163iunilor Unite pentru Dezvoltare (PNUD), Ambasada Olandei, Fondul Na\u0163ional pentru Sus\u0163inerea Democra\u0163iei (SUA), Fondul German Marshall al Statelor Unite prin intermediul Trustului M\u0103rii Negre pentru Cooperare Regional\u0103, Filia.die frauenstiftung din [&hellip;]\" \/>\n<meta property=\"og:url\" content=\"https:\/\/www.niwm.org\/ru\/donori-instituta\/\" \/>\n<meta property=\"og:site_name\" content=\"INSTITUTUL NA\u0162IONAL AL FEMEILOR DIN MOLDOVA &quot;EGALITATE&quot;\" \/>\n<meta property=\"article:modified_time\" content=\"2024-12-16T09:04:37+00:00\" \/>\n<meta property=\"og:image\" content=\"https:\/\/www.niwm.org\/wp-content\/uploads\/2024\/11\/ue-1-300x200.png\" \/>\n<meta name=\"twitter:card\" content=\"summary_large_image\" \/>\n<meta name=\"twitter:label1\" content=\"\u041f\u0440\u0438\u043c\u0435\u0440\u043d\u043e\u0435 \u0432\u0440\u0435\u043c\u044f \u0434\u043b\u044f \u0447\u0442\u0435\u043d\u0438\u044f\" \/>\n\t<meta name=\"twitter:data1\" content=\"1 \u043c\u0438\u043d\u0443\u0442\u0430\" \/>\n<script type=\"application\/ld+json\" class=\"yoast-schema-graph\">{\"@context\":\"https:\/\/schema.org\",\"@graph\":[{\"@type\":\"WebPage\",\"@id\":\"https:\/\/www.niwm.org\/ru\/donori-instituta\/\",\"url\":\"https:\/\/www.niwm.org\/ru\/donori-instituta\/\",\"name\":\"\u0414\u043e\u043d\u043e\u0440\u044b \u0418\u043d\u0441\u0442\u0438\u0442\u0443\u0442\u0430 - INSTITUTUL NA\u0162IONAL AL FEMEILOR DIN MOLDOVA &quot;EGALITATE&quot;\",\"isPartOf\":{\"@id\":\"https:\/\/www.niwm.org\/#website\"},\"primaryImageOfPage\":{\"@id\":\"https:\/\/www.niwm.org\/ru\/donori-instituta\/#primaryimage\"},\"image\":{\"@id\":\"https:\/\/www.niwm.org\/ru\/donori-instituta\/#primaryimage\"},\"thumbnailUrl\":\"https:\/\/www.niwm.org\/wp-content\/uploads\/2024\/11\/ue-1-300x200.png\",\"datePublished\":\"2024-11-28T16:46:36+00:00\",\"dateModified\":\"2024-12-16T09:04:37+00:00\",\"breadcrumb\":{\"@id\":\"https:\/\/www.niwm.org\/ru\/donori-instituta\/#breadcrumb\"},\"inLanguage\":\"ru-RU\",\"potentialAction\":[{\"@type\":\"ReadAction\",\"target\":[\"https:\/\/www.niwm.org\/ru\/donori-instituta\/\"]}]},{\"@type\":\"ImageObject\",\"inLanguage\":\"ru-RU\",\"@id\":\"https:\/\/www.niwm.org\/ru\/donori-instituta\/#primaryimage\",\"url\":\"https:\/\/www.niwm.org\/wp-content\/uploads\/2024\/11\/ue-1-300x200.png\",\"contentUrl\":\"https:\/\/www.niwm.org\/wp-content\/uploads\/2024\/11\/ue-1-300x200.png\"},{\"@type\":\"BreadcrumbList\",\"@id\":\"https:\/\/www.niwm.org\/ru\/donori-instituta\/#breadcrumb\",\"itemListElement\":[{\"@type\":\"ListItem\",\"position\":1,\"name\":\"Prima pagin\u0103\",\"item\":\"https:\/\/www.niwm.org\/ru\/\"},{\"@type\":\"ListItem\",\"position\":2,\"name\":\"\u0414\u043e\u043d\u043e\u0440\u044b \u0418\u043d\u0441\u0442\u0438\u0442\u0443\u0442\u0430\"}]},{\"@type\":\"WebSite\",\"@id\":\"https:\/\/www.niwm.org\/#website\",\"url\":\"https:\/\/www.niwm.org\/\",\"name\":\"INSTITUTUL NA\u0162IONAL AL FEMEILOR DIN MOLDOVA \\\"EGALITATE\\\"\",\"description\":\"\",\"publisher\":{\"@id\":\"https:\/\/www.niwm.org\/#organization\"},\"potentialAction\":[{\"@type\":\"SearchAction\",\"target\":{\"@type\":\"EntryPoint\",\"urlTemplate\":\"https:\/\/www.niwm.org\/?s={search_term_string}\"},\"query-input\":{\"@type\":\"PropertyValueSpecification\",\"valueRequired\":true,\"valueName\":\"search_term_string\"}}],\"inLanguage\":\"ru-RU\"},{\"@type\":\"Organization\",\"@id\":\"https:\/\/www.niwm.org\/#organization\",\"name\":\"INSTITUTUL NA\u0162IONAL AL FEMEILOR DIN MOLDOVA \\\"EGALITATE\\\"\",\"url\":\"https:\/\/www.niwm.org\/\",\"logo\":{\"@type\":\"ImageObject\",\"inLanguage\":\"ru-RU\",\"@id\":\"https:\/\/www.niwm.org\/#\/schema\/logo\/image\/\",\"url\":\"https:\/\/www.niwm.org\/wp-content\/uploads\/2024\/11\/logo.svg\",\"contentUrl\":\"https:\/\/www.niwm.org\/wp-content\/uploads\/2024\/11\/logo.svg\",\"width\":1065,\"height\":775,\"caption\":\"INSTITUTUL NA\u0162IONAL AL FEMEILOR DIN MOLDOVA \\\"EGALITATE\\\"\"},\"image\":{\"@id\":\"https:\/\/www.niwm.org\/#\/schema\/logo\/image\/\"}}]}<\/script>\n<!-- \/ Yoast SEO plugin. -->","yoast_head_json":{"title":"\u0414\u043e\u043d\u043e\u0440\u044b \u0418\u043d\u0441\u0442\u0438\u0442\u0443\u0442\u0430 - INSTITUTUL NA\u0162IONAL AL FEMEILOR DIN MOLDOVA &quot;EGALITATE&quot;","robots":{"index":"index","follow":"follow","max-snippet":"max-snippet:-1","max-image-preview":"max-image-preview:large","max-video-preview":"max-video-preview:-1"},"canonical":"https:\/\/www.niwm.org\/ru\/donori-instituta\/","og_locale":"ru_RU","og_type":"article","og_title":"\u0414\u043e\u043d\u043e\u0440\u044b \u0418\u043d\u0441\u0442\u0438\u0442\u0443\u0442\u0430 - INSTITUTUL NA\u0162IONAL AL FEMEILOR DIN MOLDOVA &quot;EGALITATE&quot;","og_description":"UN Women Moldova, Uniunea European\u0103, Ambasada Finlandei, Institutul pentru Raportare despre R\u0103zboi \u0219i Pace (IWPR), Consiliul Europei prin intermediul Funda\u0163iei Europene pentru Tineret (EYF), Programul Na\u0163iunilor Unite pentru Dezvoltare (PNUD), Ambasada Olandei, Fondul Na\u0163ional pentru Sus\u0163inerea Democra\u0163iei (SUA), Fondul German Marshall al Statelor Unite prin intermediul Trustului M\u0103rii Negre pentru Cooperare Regional\u0103, Filia.die frauenstiftung din [&hellip;]","og_url":"https:\/\/www.niwm.org\/ru\/donori-instituta\/","og_site_name":"INSTITUTUL NA\u0162IONAL AL FEMEILOR DIN MOLDOVA &quot;EGALITATE&quot;","article_modified_time":"2024-12-16T09:04:37+00:00","og_image":[{"url":"https:\/\/www.niwm.org\/wp-content\/uploads\/2024\/11\/ue-1-300x200.png","type":"","width":"","height":""}],"twitter_card":"summary_large_image","twitter_misc":{"\u041f\u0440\u0438\u043c\u0435\u0440\u043d\u043e\u0435 \u0432\u0440\u0435\u043c\u044f \u0434\u043b\u044f \u0447\u0442\u0435\u043d\u0438\u044f":"1 \u043c\u0438\u043d\u0443\u0442\u0430"},"schema":{"@context":"https:\/\/schema.org","@graph":[{"@type":"WebPage","@id":"https:\/\/www.niwm.org\/ru\/donori-instituta\/","url":"https:\/\/www.niwm.org\/ru\/donori-instituta\/","name":"\u0414\u043e\u043d\u043e\u0440\u044b \u0418\u043d\u0441\u0442\u0438\u0442\u0443\u0442\u0430 - INSTITUTUL NA\u0162IONAL AL FEMEILOR DIN MOLDOVA &quot;EGALITATE&quot;","isPartOf":{"@id":"https:\/\/www.niwm.org\/#website"},"primaryImageOfPage":{"@id":"https:\/\/www.niwm.org\/ru\/donori-instituta\/#primaryimage"},"image":{"@id":"https:\/\/www.niwm.org\/ru\/donori-instituta\/#primaryimage"},"thumbnailUrl":"https:\/\/www.niwm.org\/wp-content\/uploads\/2024\/11\/ue-1-300x200.png","datePublished":"2024-11-28T16:46:36+00:00","dateModified":"2024-12-16T09:04:37+00:00","breadcrumb":{"@id":"https:\/\/www.niwm.org\/ru\/donori-instituta\/#breadcrumb"},"inLanguage":"ru-RU","potentialAction":[{"@type":"ReadAction","target":["https:\/\/www.niwm.org\/ru\/donori-instituta\/"]}]},{"@type":"ImageObject","inLanguage":"ru-RU","@id":"https:\/\/www.niwm.org\/ru\/donori-instituta\/#primaryimage","url":"https:\/\/www.niwm.org\/wp-content\/uploads\/2024\/11\/ue-1-300x200.png","contentUrl":"https:\/\/www.niwm.org\/wp-content\/uploads\/2024\/11\/ue-1-300x200.png"},{"@type":"BreadcrumbList","@id":"https:\/\/www.niwm.org\/ru\/donori-instituta\/#breadcrumb","itemListElement":[{"@type":"ListItem","position":1,"name":"Prima pagin\u0103","item":"https:\/\/www.niwm.org\/ru\/"},{"@type":"ListItem","position":2,"name":"\u0414\u043e\u043d\u043e\u0440\u044b \u0418\u043d\u0441\u0442\u0438\u0442\u0443\u0442\u0430"}]},{"@type":"WebSite","@id":"https:\/\/www.niwm.org\/#website","url":"https:\/\/www.niwm.org\/","name":"INSTITUTUL NA\u0162IONAL AL FEMEILOR DIN MOLDOVA \"EGALITATE\"","description":"","publisher":{"@id":"https:\/\/www.niwm.org\/#organization"},"potentialAction":[{"@type":"SearchAction","target":{"@type":"EntryPoint","urlTemplate":"https:\/\/www.niwm.org\/?s={search_term_string}"},"query-input":{"@type":"PropertyValueSpecification","valueRequired":true,"valueName":"search_term_string"}}],"inLanguage":"ru-RU"},{"@type":"Organization","@id":"https:\/\/www.niwm.org\/#organization","name":"INSTITUTUL NA\u0162IONAL AL FEMEILOR DIN MOLDOVA \"EGALITATE\"","url":"https:\/\/www.niwm.org\/","logo":{"@type":"ImageObject","inLanguage":"ru-RU","@id":"https:\/\/www.niwm.org\/#\/schema\/logo\/image\/","url":"https:\/\/www.niwm.org\/wp-content\/uploads\/2024\/11\/logo.svg","contentUrl":"https:\/\/www.niwm.org\/wp-content\/uploads\/2024\/11\/logo.svg","width":1065,"height":775,"caption":"INSTITUTUL NA\u0162IONAL AL FEMEILOR DIN MOLDOVA \"EGALITATE\""},"image":{"@id":"https:\/\/www.niwm.org\/#\/schema\/logo\/image\/"}}]}},"_links":{"self":[{"href":"https:\/\/www.niwm.org\/ru\/wp-json\/wp\/v2\/pages\/2455","targetHints":{"allow":["GET"]}}],"collection":[{"href":"https:\/\/www.niwm.org\/ru\/wp-json\/wp\/v2\/pages"}],"about":[{"href":"https:\/\/www.niwm.org\/ru\/wp-json\/wp\/v2\/types\/page"}],"author":[{"embeddable":true,"href":"https:\/\/www.niwm.org\/ru\/wp-json\/wp\/v2\/users\/1"}],"replies":[{"embeddable":true,"href":"https:\/\/www.niwm.org\/ru\/wp-json\/wp\/v2\/comments?post=2455"}],"version-history":[{"count":7,"href":"https:\/\/www.niwm.org\/ru\/wp-json\/wp\/v2\/pages\/2455\/revisions"}],"predecessor-version":[{"id":2671,"href":"https:\/\/www.niwm.org\/ru\/wp-json\/wp\/v2\/pages\/2455\/revisions\/2671"}],"wp:attachment":[{"href":"https:\/\/www.niwm.org\/ru\/wp-json\/wp\/v2\/media?parent=2455"}],"curies":[{"name":"wp","href":"https:\/\/api.w.org\/{rel}","templated":true}]}}